{"id":31,"date":"2020-02-06T21:16:59","date_gmt":"2020-02-06T20:16:59","guid":{"rendered":"http:\/\/sundbyvaenge.dk\/?page_id=31"},"modified":"2020-02-07T12:24:17","modified_gmt":"2020-02-07T11:24:17","slug":"godt-naboskab","status":"publish","type":"page","link":"https:\/\/sundbyvaenge.dk\/?page_id=31","title":{"rendered":"Godt naboskab og f\u00e6lles spilleregler"},"content":{"rendered":"\n<p>Vi bor dejligt, men ogs\u00e5 ret&nbsp;t\u00e6t i vores grundejerforening. Det er derfor vigtigt at vi tager gensidigt hensyn til hinanden, og at vi sammen passer p\u00e5 vores veje og f\u00e6llesarealer.<br>Grundl\u00e6ggende&nbsp;skal du huske f\u00f8lgende:<\/p>\n\n\n\n<p><strong>Kanten mellem vej og fortov skal fejes mindst en gang \u00e5rligt<\/strong><br>Vores veje er <a aria-label=\"private f\u00e6llesveje (\u00e5bner i en ny fane)\" href=\"https:\/\/www.skoedecentret.dk\/jura\/privat-faellesvej\/\" target=\"_blank\" rel=\"noreferrer noopener\">private f\u00e6llesveje<\/a> og det vil sige, at vi selv har pligt til at vedligeholde dem.<br>Skidt der ligger samlet&nbsp;ved kantstenen&nbsp;bliver skyllet ned i kloakkerne. Store m\u00e6ngder skidt, jord og grus stopper kloakbr\u00f8ndene til, s\u00e5 de skal renses &#8211; en udgift som vi&nbsp;selv skal afholde.<\/p>\n\n\n\n<p><strong>Ukrudt ved fortovene skal fjernes<\/strong><br>Ukrudt \u00f8del\u00e6gger asfaltbel\u00e6gningen, hvilket foreningens\u00a0egen vejfond skal betale for at reparere. I sidste ende vil det medf\u00f8re en merudgift til den enkelte grundejer.<\/p>\n\n\n\n<p><strong>Parkering forbudt p\u00e5 fortovskanterne<\/strong><br>I K\u00f8benhavns Kommune er det forbudt at parkere oppe p\u00e5 fortovskanterne.<br>Ud over risiko for at f\u00e5 en p-b\u00f8de, s\u00e5 \u00f8del\u00e6gger det ogs\u00e5 vores kantsten og fortove, som ikke er bygget til b\u00e6re k\u00f8ret\u00f8jer &#8211; igen&nbsp;ender det som en&nbsp;udgift for alle grundejere.<br>Husk ogs\u00e5&nbsp;bede jeres g\u00e6ster&nbsp;om at undg\u00e5 parkering p\u00e5 fortovskanterne.<\/p>\n\n\n\n<p><strong>Begr\u00e6nset brug af motoriserede v\u00e6rkt\u00f8jer<\/strong><br>Det er ikke tilladt at bruge motoriserede v\u00e6rkt\u00f8jer l\u00f8rdag samt s\u00f8n- og helligdage efter kl. 12.00 i perioden fra 1. maj til 31. august.<\/p>\n\n\n\n<p><strong>Tag hensyn til dine naboer<\/strong><br>Oser grillen ind over hegnet til din nabo, s\u00e5 flyt den eller t\u00e6nd op afsides.<br>Informer naboerne hvis du forventer at holde fest der larmer ud p\u00e5 de sene nattetimerne.<\/p>\n\n\n\n<p><\/p>\n","protected":false},"excerpt":{"rendered":"<p>Vi bor dejligt, men ogs\u00e5 ret&nbsp;t\u00e6t i vores grundejerforening. Det er derfor vigtigt at vi tager gensidigt hensyn til hinanden, og at vi sammen passer p\u00e5 vores veje og f\u00e6llesarealer.Grundl\u00e6ggende&nbsp;skal du huske f\u00f8lgende: Kanten mellem vej og fortov skal fejes &hellip; <a href=\"https:\/\/sundbyvaenge.dk\/?page_id=31\">L\u00e6s resten <span class=\"meta-nav\">&rarr;<\/span><\/a><\/p>\n","protected":false},"author":1,"featured_media":0,"parent":0,"menu_order":0,"comment_status":"closed","ping_status":"closed","template":"","meta":{"footnotes":""},"class_list":["post-31","page","type-page","status-publish","hentry"],"_links":{"self":[{"href":"https:\/\/sundbyvaenge.dk\/index.php?rest_route=\/wp\/v2\/pages\/31","targetHints":{"allow":["GET"]}}],"collection":[{"href":"https:\/\/sundbyvaenge.dk\/index.php?rest_route=\/wp\/v2\/pages"}],"about":[{"href":"https:\/\/sundbyvaenge.dk\/index.php?rest_route=\/wp\/v2\/types\/page"}],"author":[{"embeddable":true,"href":"https:\/\/sundbyvaenge.dk\/index.php?rest_route=\/wp\/v2\/users\/1"}],"replies":[{"embeddable":true,"href":"https:\/\/sundbyvaenge.dk\/index.php?rest_route=%2Fwp%2Fv2%2Fcomments&post=31"}],"version-history":[{"count":6,"href":"https:\/\/sundbyvaenge.dk\/index.php?rest_route=\/wp\/v2\/pages\/31\/revisions"}],"predecessor-version":[{"id":87,"href":"https:\/\/sundbyvaenge.dk\/index.php?rest_route=\/wp\/v2\/pages\/31\/revisions\/87"}],"wp:attachment":[{"href":"https:\/\/sundbyvaenge.dk\/index.php?rest_route=%2Fwp%2Fv2%2Fmedia&parent=31"}],"curies":[{"name":"wp","href":"https:\/\/api.w.org\/{rel}","templated":true}]}}