{"id":28,"date":"2020-02-06T21:13:38","date_gmt":"2020-02-06T20:13:38","guid":{"rendered":"http:\/\/sundbyvaenge.dk\/?page_id=28"},"modified":"2024-04-16T18:59:56","modified_gmt":"2024-04-16T17:59:56","slug":"generalforsamling","status":"publish","type":"page","link":"https:\/\/sundbyvaenge.dk\/?page_id=28","title":{"rendered":"Generalforsamling"},"content":{"rendered":"\n<p>Grundejerforeningen afholder ordin\u00e6r generalforsamling \u00e9n \u00e5rligt inden udgangen af marts m\u00e5ned.<\/p>\n","protected":false},"excerpt":{"rendered":"<p>Grundejerforeningen afholder ordin\u00e6r generalforsamling \u00e9n \u00e5rligt inden udgangen af marts m\u00e5ned.<\/p>\n","protected":false},"author":1,"featured_media":0,"parent":0,"menu_order":0,"comment_status":"closed","ping_status":"closed","template":"","meta":{"footnotes":""},"class_list":["post-28","page","type-page","status-publish","hentry"],"_links":{"self":[{"href":"https:\/\/sundbyvaenge.dk\/index.php?rest_route=\/wp\/v2\/pages\/28","targetHints":{"allow":["GET"]}}],"collection":[{"href":"https:\/\/sundbyvaenge.dk\/index.php?rest_route=\/wp\/v2\/pages"}],"about":[{"href":"https:\/\/sundbyvaenge.dk\/index.php?rest_route=\/wp\/v2\/types\/page"}],"author":[{"embeddable":true,"href":"https:\/\/sundbyvaenge.dk\/index.php?rest_route=\/wp\/v2\/users\/1"}],"replies":[{"embeddable":true,"href":"https:\/\/sundbyvaenge.dk\/index.php?rest_route=%2Fwp%2Fv2%2Fcomments&post=28"}],"version-history":[{"count":4,"href":"https:\/\/sundbyvaenge.dk\/index.php?rest_route=\/wp\/v2\/pages\/28\/revisions"}],"predecessor-version":[{"id":234,"href":"https:\/\/sundbyvaenge.dk\/index.php?rest_route=\/wp\/v2\/pages\/28\/revisions\/234"}],"wp:attachment":[{"href":"https:\/\/sundbyvaenge.dk\/index.php?rest_route=%2Fwp%2Fv2%2Fmedia&parent=28"}],"curies":[{"name":"wp","href":"https:\/\/api.w.org\/{rel}","templated":true}]}}