{"id":247,"date":"2024-04-16T20:20:23","date_gmt":"2024-04-16T19:20:23","guid":{"rendered":"https:\/\/sundbyvaenge.dk\/?page_id=247"},"modified":"2024-04-22T17:02:40","modified_gmt":"2024-04-22T16:02:40","slug":"faellesarealudvalg","status":"publish","type":"page","link":"https:\/\/sundbyvaenge.dk\/?page_id=247","title":{"rendered":"F\u00e6llesarealudvalg"},"content":{"rendered":"\n<p>Vil du v\u00e6re med til at udvikle f\u00e6llesarealet?<br>Se invitationen til at deltage i f\u00e6llesarealudvalget<a href=\"https:\/\/sundbyvaenge.dk\/wp-content\/uploads\/2024\/04\/Hvem-vil-vaere-med.pdf\"> her<\/a>.<\/p>\n","protected":false},"excerpt":{"rendered":"<p>Vil du v\u00e6re med til at udvikle f\u00e6llesarealet?Se invitationen til at deltage i f\u00e6llesarealudvalget her.<\/p>\n","protected":false},"author":1,"featured_media":0,"parent":0,"menu_order":4,"comment_status":"closed","ping_status":"closed","template":"","meta":{"footnotes":""},"class_list":["post-247","page","type-page","status-publish","hentry"],"_links":{"self":[{"href":"https:\/\/sundbyvaenge.dk\/index.php?rest_route=\/wp\/v2\/pages\/247","targetHints":{"allow":["GET"]}}],"collection":[{"href":"https:\/\/sundbyvaenge.dk\/index.php?rest_route=\/wp\/v2\/pages"}],"about":[{"href":"https:\/\/sundbyvaenge.dk\/index.php?rest_route=\/wp\/v2\/types\/page"}],"author":[{"embeddable":true,"href":"https:\/\/sundbyvaenge.dk\/index.php?rest_route=\/wp\/v2\/users\/1"}],"replies":[{"embeddable":true,"href":"https:\/\/sundbyvaenge.dk\/index.php?rest_route=%2Fwp%2Fv2%2Fcomments&post=247"}],"version-history":[{"count":5,"href":"https:\/\/sundbyvaenge.dk\/index.php?rest_route=\/wp\/v2\/pages\/247\/revisions"}],"predecessor-version":[{"id":257,"href":"https:\/\/sundbyvaenge.dk\/index.php?rest_route=\/wp\/v2\/pages\/247\/revisions\/257"}],"wp:attachment":[{"href":"https:\/\/sundbyvaenge.dk\/index.php?rest_route=%2Fwp%2Fv2%2Fmedia&parent=247"}],"curies":[{"name":"wp","href":"https:\/\/api.w.org\/{rel}","templated":true}]}}