{"id":15,"date":"2020-02-06T21:01:17","date_gmt":"2020-02-06T20:01:17","guid":{"rendered":"http:\/\/sundbyvaenge.dk\/?page_id=15"},"modified":"2020-02-06T22:21:39","modified_gmt":"2020-02-06T21:21:39","slug":"vaerd-at-vide","status":"publish","type":"page","link":"https:\/\/sundbyvaenge.dk\/?page_id=15","title":{"rendered":"V\u00e6rd at vide"},"content":{"rendered":"\n<p> Her finder du nyttige links:<\/p>\n\n\n\n<p><a href=\"https:\/\/nabohjaelp.botrygt.dk\/\" target=\"_blank\" rel=\"noreferrer noopener\" aria-label=\"Nabohj\u00e6lp (\u00e5bner i en ny fane)\">Nabohj\u00e6lp<\/a>, tilmeld dig nabohj\u00e6lp og v\u00e6r med til at tyverisikre n\u00e6rmilj\u00f8et<\/p>\n\n\n\n<p><a href=\"https:\/\/www.facebook.com\/groups\/sundbyvaenge\/\" target=\"_blank\" rel=\"noreferrer noopener\" aria-label=\"Facebook (\u00e5bner i en ny fane)\">Facebook<\/a>, bliv medlem af Sundby V\u00e6nges facebook-gruppe<\/p>\n\n\n\n<p><a href=\"https:\/\/www.kk.dk\/affald\" target=\"_blank\" rel=\"noreferrer noopener\" aria-label=\"Affaldsservice (\u00e5bner i en ny fane)\">Affaldsservice<\/a>, find ud af hvorn\u00e5r K\u00f8benhavns Kommune henter affald<\/p>\n\n\n\n<p><a aria-label=\"Klimatilpasning (\u00e5bner i en ny fane)\" rel=\"noreferrer noopener\" href=\"https:\/\/www.klimatilpasning.dk\/vaerktoejer\/klimaklar-bolig\/\" target=\"_blank\">Klimatilpasning<\/a>, l\u00e6s om hvordan du kan klimasikre dit hus<\/p>\n\n\n\n<p><a href=\"https:\/\/parkering.kk.dk\/tilladelser-til-private\/beboerlicens\" target=\"_blank\" rel=\"noreferrer noopener\" aria-label=\"P-licens (\u00e5bner i en ny fane)\">P-licens<\/a>, i zone med 2-timersrestriktion, her kan du bestille parkeringslicens<\/p>\n\n\n\n<p><a href=\"https:\/\/politi.dk\/koebenhavns-politi\/om-koebenhavns-politi\/din-betjent\" target=\"_blank\" rel=\"noreferrer noopener\" aria-label=\"K\u00f8benhavns politi (\u00e5bner i en ny fane)\">K\u00f8benhavns politi<\/a>, din lokale betjent<\/p>\n\n\n\n<p><a href=\"http:\/\/www.parcelhus.dk\/portal\/Tilbage%20til%20forside\" target=\"_blank\" rel=\"noreferrer noopener\" aria-label=\"Parcelhusejernes landsforening (\u00e5bner i en ny fane)\">Parcelhusejernes landsforening<\/a><\/p>\n\n\n\n<p><a href=\"http:\/\/orestad.net\/\" target=\"_blank\" rel=\"noreferrer noopener\" aria-label=\"\u00d8restad Net (\u00e5bner i en ny fane)\">\u00d8restad Net<\/a><\/p>\n","protected":false},"excerpt":{"rendered":"<p>Her finder du nyttige links: Nabohj\u00e6lp, tilmeld dig nabohj\u00e6lp og v\u00e6r med til at tyverisikre n\u00e6rmilj\u00f8et Facebook, bliv medlem af Sundby V\u00e6nges facebook-gruppe Affaldsservice, find ud af hvorn\u00e5r K\u00f8benhavns Kommune henter affald Klimatilpasning, l\u00e6s om hvordan du kan klimasikre dit &hellip; <a href=\"https:\/\/sundbyvaenge.dk\/?page_id=15\">L\u00e6s resten <span class=\"meta-nav\">&rarr;<\/span><\/a><\/p>\n","protected":false},"author":1,"featured_media":0,"parent":0,"menu_order":0,"comment_status":"closed","ping_status":"closed","template":"","meta":{"footnotes":""},"class_list":["post-15","page","type-page","status-publish","hentry"],"_links":{"self":[{"href":"https:\/\/sundbyvaenge.dk\/index.php?rest_route=\/wp\/v2\/pages\/15","targetHints":{"allow":["GET"]}}],"collection":[{"href":"https:\/\/sundbyvaenge.dk\/index.php?rest_route=\/wp\/v2\/pages"}],"about":[{"href":"https:\/\/sundbyvaenge.dk\/index.php?rest_route=\/wp\/v2\/types\/page"}],"author":[{"embeddable":true,"href":"https:\/\/sundbyvaenge.dk\/index.php?rest_route=\/wp\/v2\/users\/1"}],"replies":[{"embeddable":true,"href":"https:\/\/sundbyvaenge.dk\/index.php?rest_route=%2Fwp%2Fv2%2Fcomments&post=15"}],"version-history":[{"count":3,"href":"https:\/\/sundbyvaenge.dk\/index.php?rest_route=\/wp\/v2\/pages\/15\/revisions"}],"predecessor-version":[{"id":56,"href":"https:\/\/sundbyvaenge.dk\/index.php?rest_route=\/wp\/v2\/pages\/15\/revisions\/56"}],"wp:attachment":[{"href":"https:\/\/sundbyvaenge.dk\/index.php?rest_route=%2Fwp%2Fv2%2Fmedia&parent=15"}],"curies":[{"name":"wp","href":"https:\/\/api.w.org\/{rel}","templated":true}]}}